{"id":9627,"date":"2023-09-12T17:58:21","date_gmt":"2023-09-12T20:58:21","guid":{"rendered":"https:\/\/feriatextil.com\/?post_type=product&#038;p=9627"},"modified":"2025-09-30T20:42:35","modified_gmt":"2025-09-30T23:42:35","slug":"coral-fleece-estampado","status":"publish","type":"product","link":"https:\/\/feriatextil.com\/en\/product\/coral-fleece-estampado\/","title":{"rendered":"Coral Fleece Estampado"},"content":{"rendered":"<p>Al igual que el liso, el coral estampado es ideal para la confecci\u00f3n de mantas, abrigos, buzos, para interior de camperas y tapados, y tambi\u00e9n para usos en decoraci\u00f3n. Tiene dos lados con pelo, uno mas corto y otro mas largo similar a un corderito. Es m\u00e1s mullido y suave que el polar com\u00fan y no pierde pelo ya que su calidad es premium.<\/p>","protected":false},"excerpt":{"rendered":"<p>Tela: Coral Fleece estampado<\/p>\n<p>Ancho: 1.50cm<\/p>\n<p>Composici\u00f3n: 100% Poli\u00e9ster<\/p>\n<p>Tipo: Liso<\/p>\n<p>Colores: Turquesa, rosa, verde.<\/p>","protected":false},"featured_media":9628,"comment_status":"open","ping_status":"closed","template":"","meta":[],"product_cat":[263],"product_tag":[267,270,273,275,276,277,278],"class_list":{"0":"post-9627","1":"product","2":"type-product","3":"status-publish","4":"has-post-thumbnail","6":"product_cat-indumentaria","7":"product_tag-buzos","8":"product_tag-frazadas","9":"product_tag-hogar","10":"product_tag-invierno","11":"product_tag-mantas","12":"product_tag-manualidades","13":"product_tag-pantuflas","15":"first","16":"instock","17":"sale","18":"taxable","19":"shipping-taxable","20":"purchasable","21":"product-type-simple"},"_links":{"self":[{"href":"https:\/\/feriatextil.com\/en\/wp-json\/wp\/v2\/product\/9627","targetHints":{"allow":["GET"]}}],"collection":[{"href":"https:\/\/feriatextil.com\/en\/wp-json\/wp\/v2\/product"}],"about":[{"href":"https:\/\/feriatextil.com\/en\/wp-json\/wp\/v2\/types\/product"}],"replies":[{"embeddable":true,"href":"https:\/\/feriatextil.com\/en\/wp-json\/wp\/v2\/comments?post=9627"}],"wp:featuredmedia":[{"embeddable":true,"href":"https:\/\/feriatextil.com\/en\/wp-json\/wp\/v2\/media\/9628"}],"wp:attachment":[{"href":"https:\/\/feriatextil.com\/en\/wp-json\/wp\/v2\/media?parent=9627"}],"wp:term":[{"taxonomy":"product_cat","embeddable":true,"href":"https:\/\/feriatextil.com\/en\/wp-json\/wp\/v2\/product_cat?post=9627"},{"taxonomy":"product_tag","embeddable":true,"href":"https:\/\/feriatextil.com\/en\/wp-json\/wp\/v2\/product_tag?post=9627"}],"curies":[{"name":"wp","href":"https:\/\/api.w.org\/{rel}","templated":true}]}}