{"id":9616,"date":"2024-09-12T17:41:09","date_gmt":"2024-09-12T20:41:09","guid":{"rendered":"https:\/\/feriatextil.com\/?post_type=product&#038;p=9616"},"modified":"2025-07-13T05:05:48","modified_gmt":"2025-07-13T08:05:48","slug":"coral-fleece-liso","status":"publish","type":"product","link":"https:\/\/feriatextil.com\/en\/product\/coral-fleece-liso\/","title":{"rendered":"Coral Fleece Liso"},"content":{"rendered":"<p>Ideal para la confecci\u00f3n de mantas, abrigos, buzos, para interior de camperas y tapados, y Tambi\u00e9n para usos en decoraci\u00f3n. Tiene dos lados con pelo, uno mas corto y otro mas largo similar a un corderito. Es m\u00e1s mullido y suave que el polar com\u00fan y no pierde pelo ya que su calidad es premium.<\/p>","protected":false},"excerpt":{"rendered":"<p>Tela: Coral Fleece<\/p>\n<p>Ancho: 1.50cm<\/p>\n<p>Composici\u00f3n: 100% Poli\u00e9ster<\/p>\n<p>Tipo: Liso<\/p>\n<p>Colores: Rojo, bord\u00f3, mostaza, blanco, verde, negro.<\/p>","protected":false},"featured_media":9618,"comment_status":"open","ping_status":"closed","template":"","meta":[],"product_cat":[297],"product_tag":[267,270,310,273,275,276,277,278,311,312],"class_list":{"0":"post-9616","1":"product","2":"type-product","3":"status-publish","4":"has-post-thumbnail","6":"product_cat-telas-de-invierno-2026-2027","7":"product_tag-buzos","8":"product_tag-frazadas","9":"product_tag-frio-polar","10":"product_tag-hogar","11":"product_tag-invierno","12":"product_tag-mantas","13":"product_tag-manualidades","14":"product_tag-pantuflas","15":"product_tag-telas-tendencia","16":"product_tag-tienda-de-telas","18":"first","19":"instock","20":"sale","21":"taxable","22":"shipping-taxable","23":"purchasable","24":"product-type-simple"},"_links":{"self":[{"href":"https:\/\/feriatextil.com\/en\/wp-json\/wp\/v2\/product\/9616","targetHints":{"allow":["GET"]}}],"collection":[{"href":"https:\/\/feriatextil.com\/en\/wp-json\/wp\/v2\/product"}],"about":[{"href":"https:\/\/feriatextil.com\/en\/wp-json\/wp\/v2\/types\/product"}],"replies":[{"embeddable":true,"href":"https:\/\/feriatextil.com\/en\/wp-json\/wp\/v2\/comments?post=9616"}],"wp:featuredmedia":[{"embeddable":true,"href":"https:\/\/feriatextil.com\/en\/wp-json\/wp\/v2\/media\/9618"}],"wp:attachment":[{"href":"https:\/\/feriatextil.com\/en\/wp-json\/wp\/v2\/media?parent=9616"}],"wp:term":[{"taxonomy":"product_cat","embeddable":true,"href":"https:\/\/feriatextil.com\/en\/wp-json\/wp\/v2\/product_cat?post=9616"},{"taxonomy":"product_tag","embeddable":true,"href":"https:\/\/feriatextil.com\/en\/wp-json\/wp\/v2\/product_tag?post=9616"}],"curies":[{"name":"wp","href":"https:\/\/api.w.org\/{rel}","templated":true}]}}