{"id":9465,"date":"2024-07-25T22:44:50","date_gmt":"2024-07-26T01:44:50","guid":{"rendered":"https:\/\/feriatextil.com\/?post_type=product&#038;p=9465"},"modified":"2025-04-18T04:49:13","modified_gmt":"2025-04-18T07:49:13","slug":"tela-plush-super-soft-elastizado-con-lycra-x-metro","status":"publish","type":"product","link":"https:\/\/feriatextil.com\/en\/product\/tela-plush-super-soft-elastizado-con-lycra-x-metro\/","title":{"rendered":"Tela Plush Super Soft Elastizado Con Lycra X Metro"},"content":{"rendered":"<p>SOMOS FERIA TEXTIL &#8211; ESTAMOS EN VILLA CELINA.<\/p>\n<p>TELA: PLUSH SIMPLE SUPER SOFT<br \/>\nANCHO: 1,6 MTS<br \/>\nCOMPOSICI\u00d3N: : 96% Polyester, 4% Spandex<\/p>\n<p>Este plush simple es un tejido de punto, muy suave, c\u00f3modo y c\u00e1lido. Tiene una mano muy aterciopelada y apenas brillosa. Gracias a su composici\u00f3n tiene un poco de rebote, lo que hace que puedas crear prendas confortables. Es perfecto para la confecci\u00f3n de ropa de beb\u00e9s y ni\u00f1os, conjuntos de jogging, buzos, abrigos. Tambi\u00e9n es ideal para mantas y deco.<\/p>","protected":false},"excerpt":{"rendered":"<p>SOMOS FERIA TEXTIL &#8211; ESTAMOS EN VILLA CELINA. TELA: PLUSH SIMPLE SUPER SOFT ANCHO: 1,6 MTS COMPOSICI\u00d3N: : 96% Polyester, 4% Spandex Este plush simple es un tejido de punto, muy suave, c\u00f3modo y c\u00e1lido. Tiene una mano muy aterciopelada &hellip; <a href=\"https:\/\/feriatextil.com\/en\/product\/tela-plush-super-soft-elastizado-con-lycra-x-metro\/\">Readmore<\/a><\/p>","protected":false},"featured_media":9466,"comment_status":"open","ping_status":"closed","template":"","meta":[],"product_cat":[263],"product_tag":[],"class_list":{"0":"post-9465","1":"product","2":"type-product","3":"status-publish","4":"has-post-thumbnail","6":"product_cat-indumentaria","8":"first","9":"instock","10":"sale","11":"taxable","12":"shipping-taxable","13":"purchasable","14":"product-type-simple"},"_links":{"self":[{"href":"https:\/\/feriatextil.com\/en\/wp-json\/wp\/v2\/product\/9465","targetHints":{"allow":["GET"]}}],"collection":[{"href":"https:\/\/feriatextil.com\/en\/wp-json\/wp\/v2\/product"}],"about":[{"href":"https:\/\/feriatextil.com\/en\/wp-json\/wp\/v2\/types\/product"}],"replies":[{"embeddable":true,"href":"https:\/\/feriatextil.com\/en\/wp-json\/wp\/v2\/comments?post=9465"}],"wp:featuredmedia":[{"embeddable":true,"href":"https:\/\/feriatextil.com\/en\/wp-json\/wp\/v2\/media\/9466"}],"wp:attachment":[{"href":"https:\/\/feriatextil.com\/en\/wp-json\/wp\/v2\/media?parent=9465"}],"wp:term":[{"taxonomy":"product_cat","embeddable":true,"href":"https:\/\/feriatextil.com\/en\/wp-json\/wp\/v2\/product_cat?post=9465"},{"taxonomy":"product_tag","embeddable":true,"href":"https:\/\/feriatextil.com\/en\/wp-json\/wp\/v2\/product_tag?post=9465"}],"curies":[{"name":"wp","href":"https:\/\/api.w.org\/{rel}","templated":true}]}}